{"id":107,"date":"2020-08-01T16:29:17","date_gmt":"2020-08-01T14:29:17","guid":{"rendered":"https:\/\/solidarinux.debaste.be\/?page_id=107"},"modified":"2020-08-20T13:34:31","modified_gmt":"2020-08-20T11:34:31","slug":"offre","status":"publish","type":"page","link":"https:\/\/www.solidarinux.be\/?page_id=107","title":{"rendered":"Offre"},"content":{"rendered":"\n<p><strong>Public b\u00e9n\u00e9ficiaire<\/strong><br>Nous offrons GRATUITEMENT des laptops \u00e0 toutes les familles pour qui l\u2019acquisition d\u2019un ordinateur tient de la gageure :<\/p>\n\n\n\n<ul><li>familles pr\u00e9caris\u00e9es;<\/li><li>besoins scolaires non satisfaits;<\/li><li>demandeurs d&#8217;asile;<\/li><li>r\u00e9fugi\u00e9s;<\/li><li>familles \u00e9margeant au CPAS;<\/li><li>Associations qui leur viennent en aide;<\/li><\/ul>\n\n\n\n<p><strong>Les ordinateurs<\/strong> <strong>portables<\/strong><\/p>\n\n\n\n<p>Les plus puissants sont \u00e9quip\u00e9s d&#8217;un processeur 64 bits, 2 GB de m\u00e9moire et Ubuntu Mate 18.04.  Nous les offrons en priorit\u00e9 pour l&#8217;usage professionnel \u00e9ventuel et aux \u00e9tudiants.<\/p>\n\n\n\n<p>Les moins puissants ont un processeur 32 bits, 1 GB de m\u00e9moire et Lubuntu 18.04. Pour la vie de tous les jours.<\/p>\n\n\n\n<p>Ces machines sont trop faibles pour ex\u00e9cuter Windows, mais elles sont confortables et&#8230; gratuites.<\/p>\n\n\n\n<p><strong>Aide, formation, d\u00e9pannage<\/strong><\/p>\n\n\n\n<p>Dans la mesure des disponibilit\u00e9s des membres de l&#8217;\u00e9quipe, nous assurons une pr\u00e9sentation du mat\u00e9riel offert et une aide \u00e0 l&#8217;utilisation des logiciels. L&#8217;aide peut se faire \u00e0 distance, par t\u00e9l\u00e9phone et\/ou par contr\u00f4le \u00e0 distance de la session de l&#8217;utilisateur.<br>Le d\u00e9pannage peut, suivant les cas, se faire sur place (pas en p\u00e9riode confinement) ou en atelier. De toutes mani\u00e8res, cela commence par un entretien t\u00e9l\u00e9phonique d&#8217;\u00e9valuation de la situation.<\/p>\n\n\n\n<p><strong>Garanties<\/strong><\/p>\n\n\n\n<ul><li>les machines re\u00e7ues ne retourneront pas dans un circuit commercial;<\/li><li>les donn\u00e9es pr\u00e9sentes sur les supports sont effac\u00e9es sans avoir \u00e9t\u00e9 vues;<\/li><li>\u00e0 la demande, les donn\u00e9es peuvent \u00eatre r\u00e9cup\u00e9r\u00e9es et confi\u00e9es au propri\u00e9taire;<\/li><li>\u00e0 la demande, les supports contenant des donn\u00e9es sensibles sont effac\u00e9s au moyen de programmes qui les rendent totalement irr\u00e9cup\u00e9rables, m\u00eame avec des moyens techniques avanc\u00e9s.<\/li><\/ul>\n\n\n\n<p><\/p>\n","protected":false},"excerpt":{"rendered":"<p>Public b\u00e9n\u00e9ficiaireNous offrons GRATUITEMENT des laptops \u00e0 toutes les familles pour qui l\u2019acquisition d\u2019un ordinateur tient de la gageure : familles pr\u00e9caris\u00e9es; besoins scolaires non satisfaits; demandeurs d&#8217;asile; r\u00e9fugi\u00e9s; familles \u00e9margeant au CPAS; Associations qui leur viennent en aide; Les ordinateurs portables Les plus puissants sont \u00e9quip\u00e9s d&#8217;un processeur 64 bits, 2 GB de m\u00e9moire [&hellip;]<\/p>\n","protected":false},"author":1,"featured_media":0,"parent":0,"menu_order":0,"comment_status":"closed","ping_status":"closed","template":"","meta":{"_lmt_disableupdate":"no","_lmt_disable":""},"_links":{"self":[{"href":"https:\/\/www.solidarinux.be\/index.php?rest_route=\/wp\/v2\/pages\/107"}],"collection":[{"href":"https:\/\/www.solidarinux.be\/index.php?rest_route=\/wp\/v2\/pages"}],"about":[{"href":"https:\/\/www.solidarinux.be\/index.php?rest_route=\/wp\/v2\/types\/page"}],"author":[{"embeddable":true,"href":"https:\/\/www.solidarinux.be\/index.php?rest_route=\/wp\/v2\/users\/1"}],"replies":[{"embeddable":true,"href":"https:\/\/www.solidarinux.be\/index.php?rest_route=%2Fwp%2Fv2%2Fcomments&post=107"}],"version-history":[{"count":4,"href":"https:\/\/www.solidarinux.be\/index.php?rest_route=\/wp\/v2\/pages\/107\/revisions"}],"predecessor-version":[{"id":216,"href":"https:\/\/www.solidarinux.be\/index.php?rest_route=\/wp\/v2\/pages\/107\/revisions\/216"}],"wp:attachment":[{"href":"https:\/\/www.solidarinux.be\/index.php?rest_route=%2Fwp%2Fv2%2Fmedia&parent=107"}],"curies":[{"name":"wp","href":"https:\/\/api.w.org\/{rel}","templated":true}]}}