{"id":117,"date":"2020-08-01T17:15:03","date_gmt":"2020-08-01T15:15:03","guid":{"rendered":"https:\/\/solidarinux.debaste.be\/?page_id=117"},"modified":"2020-10-21T11:11:32","modified_gmt":"2020-10-21T09:11:32","slug":"aidez-nous","status":"publish","type":"page","link":"https:\/\/www.solidarinux.be\/?page_id=117","title":{"rendered":"Aidez-nous"},"content":{"rendered":"\n<p>.<strong>.. a aider<\/strong>.<\/p>\n\n\n\n<p><a href=\"https:\/\/solidarinux.debaste.be\/?page_id=62\">Confiez-nous de vieux PC portables<\/a><\/p>\n\n\n\n<p><strong>Rejoignez-nous<\/strong><br>Il n&#8217;est pas indispensable d&#8217;\u00eatre cal\u00e9 en informatique. Nous nous r\u00e9partissons les t\u00e2ches en fonction des attentes de chacun. Parmi les t\u00e2ches que nous aimerions confier, il y a : le nettoyage d&#8217;ordinateurs, le test de claviers et d&#8217;\u00e9crans, le d\u00e9marchage pour la r\u00e9colte d&#8217;ordinateurs, l&#8217;organisation d&#8217;\u00e9v\u00e8nements qui boosteraient nos petites finances. Et aussi vos propres id\u00e9es pour, ensemble, faire mieux. <\/p>\n\n\n\n<p><strong>H\u00e9bergez-nous<\/strong><\/p>\n\n\n\n<p>Gr\u00e2ce \u00e0 FEDASIL Rixensart qui met \u00e0 notre disposition une petit local, nous pouvons entreposer et traiter des ordinateurs fixes.<br>Jusqu&#8217;ici, nous ne distribuions que des ordinateurs portables. Or, il y a deux fois plus d&#8217;ordinateurs de bureau qui sont mis \u00e0 l&#8217;\u00e9cart. Pourquoi ne pas les redistribuer en Belgique ? <br><strong>Mais il manque encore des bras<\/strong>.<br>Des bras de non informaticiens sont utiles pour le nettoyage et le test d&#8217;\u00e9crans, le tri et le classement de c\u00e2bles. C&#8217;est \u00e0 la port\u00e9e de tout qui accepte d&#8217;apprendre un peu. Et il y a beaucoup plus \u00e0 apprendre pour qui est int\u00e9ress\u00e9.<\/p>\n\n\n\n<p><strong>Financez-nous<\/strong><br>Nous avons peu de besoins d&#8217;argent. Nous r\u00e9parons avec des pi\u00e8ces de r\u00e9cup\u00e9ration pr\u00e9lev\u00e9es sur des machines irr\u00e9parables. Des pi\u00e8ces sp\u00e9cifiques telles les claviers et dalles LCD devraient parfois \u00eatre achet\u00e9es pour ressusciter les ordinateurs portables les plus r\u00e9cents et puissants. Des souris pourraient \u00eatre offertes syst\u00e9matiquement avec les laptops, mais nous n&#8217;en r\u00e9cup\u00e9rons pas assez. Un peu d&#8217;argent ne fait pas de mal, mais, sans entrer en concurrence avec d&#8217;autres projets o\u00f9 l&#8217;argent joue un r\u00f4le solidaire essentiel.<\/p>\n\n\n\n<p><\/p>\n","protected":false},"excerpt":{"rendered":"<p>&#8230; a aider. Confiez-nous de vieux PC portables Rejoignez-nousIl n&#8217;est pas indispensable d&#8217;\u00eatre cal\u00e9 en informatique. Nous nous r\u00e9partissons les t\u00e2ches en fonction des attentes de chacun. Parmi les t\u00e2ches que nous aimerions confier, il y a : le nettoyage d&#8217;ordinateurs, le test de claviers et d&#8217;\u00e9crans, le d\u00e9marchage pour la r\u00e9colte d&#8217;ordinateurs, l&#8217;organisation d&#8217;\u00e9v\u00e8nements [&hellip;]<\/p>\n","protected":false},"author":1,"featured_media":0,"parent":0,"menu_order":0,"comment_status":"closed","ping_status":"closed","template":"","meta":{"_lmt_disableupdate":"no","_lmt_disable":""},"_links":{"self":[{"href":"https:\/\/www.solidarinux.be\/index.php?rest_route=\/wp\/v2\/pages\/117"}],"collection":[{"href":"https:\/\/www.solidarinux.be\/index.php?rest_route=\/wp\/v2\/pages"}],"about":[{"href":"https:\/\/www.solidarinux.be\/index.php?rest_route=\/wp\/v2\/types\/page"}],"author":[{"embeddable":true,"href":"https:\/\/www.solidarinux.be\/index.php?rest_route=\/wp\/v2\/users\/1"}],"replies":[{"embeddable":true,"href":"https:\/\/www.solidarinux.be\/index.php?rest_route=%2Fwp%2Fv2%2Fcomments&post=117"}],"version-history":[{"count":3,"href":"https:\/\/www.solidarinux.be\/index.php?rest_route=\/wp\/v2\/pages\/117\/revisions"}],"predecessor-version":[{"id":263,"href":"https:\/\/www.solidarinux.be\/index.php?rest_route=\/wp\/v2\/pages\/117\/revisions\/263"}],"wp:attachment":[{"href":"https:\/\/www.solidarinux.be\/index.php?rest_route=%2Fwp%2Fv2%2Fmedia&parent=117"}],"curies":[{"name":"wp","href":"https:\/\/api.w.org\/{rel}","templated":true}]}}