{"id":120,"date":"2020-08-01T17:50:27","date_gmt":"2020-08-01T15:50:27","guid":{"rendered":"https:\/\/solidarinux.debaste.be\/?page_id=120"},"modified":"2020-09-15T18:52:00","modified_gmt":"2020-09-15T16:52:00","slug":"lequipe","status":"publish","type":"page","link":"https:\/\/www.solidarinux.be\/?page_id=120","title":{"rendered":"L&#8217;\u00e9quipe"},"content":{"rendered":"\n<div class=\"wp-block-media-text alignwide is-stacked-on-mobile\" style=\"grid-template-columns:15% auto\"><figure class=\"wp-block-media-text__media\"><img decoding=\"async\" loading=\"lazy\" width=\"763\" height=\"665\" src=\"https:\/\/solidarinux.debaste.be\/wp-content\/uploads\/2020\/09\/Amal.jpg\" alt=\"\" class=\"wp-image-238\" srcset=\"https:\/\/www.solidarinux.be\/wp-content\/uploads\/2020\/09\/Amal.jpg 763w, https:\/\/www.solidarinux.be\/wp-content\/uploads\/2020\/09\/Amal-300x261.jpg 300w\" sizes=\"(max-width: 763px) 100vw, 763px\" \/><\/figure><div class=\"wp-block-media-text__content\">\n<p class=\"has-large-font-size\">Bonjour, je m\u2019appelle <strong>Amal<\/strong> et je suis bacheli\u00e8re en information et communication \u00e0 l\u2019universit\u00e9 Libre de Bruxelles. J\u2019aime le savoir et les d\u00e9couvertes c\u2019est pour apprendre et partager que je me suis engag\u00e9e dans cette cause. En esp\u00e9rant vous \u00eatre utile de la meilleure des mani\u00e8res.<\/p>\n<\/div><\/div>\n\n\n\n<div class=\"wp-block-media-text alignwide is-stacked-on-mobile\" style=\"grid-template-columns:15% auto\"><figure class=\"wp-block-media-text__media\"><img decoding=\"async\" loading=\"lazy\" width=\"615\" height=\"579\" src=\"https:\/\/solidarinux.debaste.be\/wp-content\/uploads\/2020\/09\/Daniel-Logo.jpg\" alt=\"\" class=\"wp-image-241\" srcset=\"https:\/\/www.solidarinux.be\/wp-content\/uploads\/2020\/09\/Daniel-Logo.jpg 615w, https:\/\/www.solidarinux.be\/wp-content\/uploads\/2020\/09\/Daniel-Logo-300x282.jpg 300w\" sizes=\"(max-width: 615px) 100vw, 615px\" \/><\/figure><div class=\"wp-block-media-text__content\">\n<p class=\"has-large-font-size\"><a rel=\"noreferrer noopener\" href=\"https:\/\/daniel.debaste.be\" target=\"_blank\">Daniel<\/a><br>Ing\u00e9nieur Civil \u00e0 la retraite<br>B\u00e9n\u00e9vole \u00e0 FEDASIL Rixensart.<br>Cycliste quotidien.<br>R\u00e9parateur informatique au Repair Caf\u00e9 de Court-St-\u00c9tienne.<br>40+ ann\u00e9es dans l&#8217;informatique, 20+ ann\u00e9es de Linux, 400+ installations de Linux.<br><strong>Installation de Linux. <\/strong> <strong>Gestion du site Web.<\/strong> <strong>Transports \u00e0 v\u00e9lo + remorque.<\/strong><\/p>\n<\/div><\/div>\n\n\n\n<div class=\"wp-block-media-text alignwide is-stacked-on-mobile\" style=\"grid-template-columns:15% auto\"><figure class=\"wp-block-media-text__media\"><img decoding=\"async\" loading=\"lazy\" width=\"555\" height=\"737\" src=\"https:\/\/solidarinux.debaste.be\/wp-content\/uploads\/2020\/08\/Solidarlinux_michelVLT.jpg\" alt=\"\" class=\"wp-image-232\" srcset=\"https:\/\/www.solidarinux.be\/wp-content\/uploads\/2020\/08\/Solidarlinux_michelVLT.jpg 555w, https:\/\/www.solidarinux.be\/wp-content\/uploads\/2020\/08\/Solidarlinux_michelVLT-226x300.jpg 226w\" sizes=\"(max-width: 555px) 100vw, 555px\" \/><\/figure><div class=\"wp-block-media-text__content\">\n<p class=\"has-large-font-size\"><strong>Michel<\/strong><br>Ing\u00e9nieur civil en t\u00e9l\u00e9communication<br>Licenci\u00e9 en Informatique<br>Retrait\u00e9<br>R\u00e9parateur au Repair Caf\u00e9 de Wavre.<br><strong>Veille technologique<\/strong>, <strong>conseil informatique.<\/strong><\/p>\n<\/div><\/div>\n\n\n\n<div class=\"wp-block-media-text alignwide is-stacked-on-mobile\"><figure class=\"wp-block-media-text__media\"><\/figure><div class=\"wp-block-media-text__content\">\n<p class=\"has-text-align-left has-large-font-size\"><strong>Mus<\/strong><br>Ing\u00e9nieur Civil \u00e0 la retraite, chercheur.<br>B\u00e9n\u00e9vole \u00e0 l&#8217;\u00e9cole des devoirs.<br><\/p>\n<\/div><\/div>\n\n\n\n<div class=\"wp-block-media-text alignwide is-stacked-on-mobile\" style=\"grid-template-columns:15% auto\"><figure class=\"wp-block-media-text__media\"><img decoding=\"async\" loading=\"lazy\" width=\"425\" height=\"572\" src=\"https:\/\/solidarinux.debaste.be\/wp-content\/uploads\/2020\/09\/Rodrigo.png\" alt=\"\" class=\"wp-image-239\" srcset=\"https:\/\/www.solidarinux.be\/wp-content\/uploads\/2020\/09\/Rodrigo.png 425w, https:\/\/www.solidarinux.be\/wp-content\/uploads\/2020\/09\/Rodrigo-223x300.png 223w\" sizes=\"(max-width: 425px) 100vw, 425px\" \/><\/figure><div class=\"wp-block-media-text__content\">\n<p><strong>Rodrigo<\/strong><\/p>\n\n\n\n<p>Docteur en ing\u00e9nierie et Ing\u00e9nieur Industriel sp\u00e9cialis\u00e9 en \u00e9lectronique.<br>Exp\u00e9rience avec Linux \u00e0 tous les niveaux depuis 2010. <br>Programmeur autodidacte depuis 1982 et d\u00e9veloppeur de logiciel embarqu\u00e9 professionnel. <br>Ma\u00eetre d&#8217;un demi-l\u00e9vrier adopt\u00e9 en Espagne juste avant de venir en Belgique avec mon \u00e9pouse et nos 2 enfants. <br>Joueur de rugby \u00e0 XV, sport collectif que gagne toutes les couches sociales. <br>Donneur de sang tr\u00e8s habituel.<br><strong>J&#8217;\u00e9tudie une plateforme Linux qui pourrait peut-\u00eatre faire fonctionner avec l&#8217;Internet, des laptops plus anciens encore.<\/strong><\/p>\n<\/div><\/div>\n\n\n\n<div class=\"wp-block-media-text alignwide is-stacked-on-mobile\" style=\"grid-template-columns:15% auto\"><figure class=\"wp-block-media-text__media\"><img decoding=\"async\" loading=\"lazy\" width=\"696\" height=\"625\" src=\"https:\/\/solidarinux.debaste.be\/wp-content\/uploads\/2020\/09\/Teo.png\" alt=\"\" class=\"wp-image-240\" srcset=\"https:\/\/www.solidarinux.be\/wp-content\/uploads\/2020\/09\/Teo.png 696w, https:\/\/www.solidarinux.be\/wp-content\/uploads\/2020\/09\/Teo-300x269.png 300w\" sizes=\"(max-width: 696px) 100vw, 696px\" \/><\/figure><div class=\"wp-block-media-text__content\">\n<p class=\"has-large-font-size\"><strong>Teo<\/strong>, <br>\u00c9lectricien ind\u00e9pendant \u00e0 la retraite.<\/p>\n\n\n\n<p class=\"has-large-font-size\"><\/p>\n<\/div><\/div>\n\n\n\n<p><\/p>\n","protected":false},"excerpt":{"rendered":"<p>Bonjour, je m\u2019appelle Amal et je suis bacheli\u00e8re en information et communication \u00e0 l\u2019universit\u00e9 Libre de Bruxelles. J\u2019aime le savoir et les d\u00e9couvertes c\u2019est pour apprendre et partager que je me suis engag\u00e9e dans cette cause. En esp\u00e9rant vous \u00eatre utile de la meilleure des mani\u00e8res. DanielIng\u00e9nieur Civil \u00e0 la retraiteB\u00e9n\u00e9vole \u00e0 FEDASIL Rixensart.Cycliste quotidien.R\u00e9parateur [&hellip;]<\/p>\n","protected":false},"author":1,"featured_media":0,"parent":0,"menu_order":0,"comment_status":"closed","ping_status":"closed","template":"","meta":{"_lmt_disableupdate":"no","_lmt_disable":""},"_links":{"self":[{"href":"https:\/\/www.solidarinux.be\/index.php?rest_route=\/wp\/v2\/pages\/120"}],"collection":[{"href":"https:\/\/www.solidarinux.be\/index.php?rest_route=\/wp\/v2\/pages"}],"about":[{"href":"https:\/\/www.solidarinux.be\/index.php?rest_route=\/wp\/v2\/types\/page"}],"author":[{"embeddable":true,"href":"https:\/\/www.solidarinux.be\/index.php?rest_route=\/wp\/v2\/users\/1"}],"replies":[{"embeddable":true,"href":"https:\/\/www.solidarinux.be\/index.php?rest_route=%2Fwp%2Fv2%2Fcomments&post=120"}],"version-history":[{"count":12,"href":"https:\/\/www.solidarinux.be\/index.php?rest_route=\/wp\/v2\/pages\/120\/revisions"}],"predecessor-version":[{"id":252,"href":"https:\/\/www.solidarinux.be\/index.php?rest_route=\/wp\/v2\/pages\/120\/revisions\/252"}],"wp:attachment":[{"href":"https:\/\/www.solidarinux.be\/index.php?rest_route=%2Fwp%2Fv2%2Fmedia&parent=120"}],"curies":[{"name":"wp","href":"https:\/\/api.w.org\/{rel}","templated":true}]}}