{"id":156,"date":"2020-08-02T10:56:28","date_gmt":"2020-08-02T08:56:28","guid":{"rendered":"https:\/\/solidarinux.debaste.be\/?page_id=156"},"modified":"2020-08-11T14:34:42","modified_gmt":"2020-08-11T12:34:42","slug":"fracture-numerique","status":"publish","type":"page","link":"https:\/\/www.solidarinux.be\/?page_id=156","title":{"rendered":"Fracture num\u00e9rique"},"content":{"rendered":"\n<p>La fracture num\u00e9rique s\u00e9pare en deux notre soci\u00e9t\u00e9. D&#8217;une part, ceux qui utilisent quotidiennement l&#8217;informatique pour toutes ces choses qui ne sont plus accessibles que de fa\u00e7on digitale, et les autres, abandonn\u00e9s \u00e0 leur sort.<\/p>\n\n\n\n<p>L&#8217;utilisation d&#8217;un ordinateur est, aujourd&#8217;hui, indispensable \u00e0 la vie dans notre soci\u00e9t\u00e9.  Aussi, acc\u00e9der \u00e0 un ordinateur, le connecter \u00e0 l&#8217;Internet et savoir s&#8217;en servir est devenu vital.<br>Or, bien des familles ne disposent pas d&#8217;un ordinateur, faute de pouvoir l&#8217;acqu\u00e9rir. C&#8217;est la premi\u00e8re cause de la fracture num\u00e9rique. En procurer un gratuitement est un moyen de contrer cette fracture.<br><\/p>\n\n\n\n<p>\u00catre \u00e0 m\u00eame de l&#8217;utiliser, c&#8217;est aussi indispensable. Actuellement, ce n&#8217;est plus inaccessible. mais parfois difficile. C&#8217;est un deuxi\u00e8me aspect de cette fracture.<br>Un petit coup de pouce peut am\u00e9liorer bien des choses. Aussi, nous tentons d&#8217;accompagner les b\u00e9n\u00e9ficiaires de nos dons d&#8217;une aide au d\u00e9marrage, d&#8217;un support \u00e0 l&#8217;utilisation et un d\u00e9pannage \u00e9ventuel.<\/p>\n","protected":false},"excerpt":{"rendered":"<p>La fracture num\u00e9rique s\u00e9pare en deux notre soci\u00e9t\u00e9. D&#8217;une part, ceux qui utilisent quotidiennement l&#8217;informatique pour toutes ces choses qui ne sont plus accessibles que de fa\u00e7on digitale, et les autres, abandonn\u00e9s \u00e0 leur sort. L&#8217;utilisation d&#8217;un ordinateur est, aujourd&#8217;hui, indispensable \u00e0 la vie dans notre soci\u00e9t\u00e9. Aussi, acc\u00e9der \u00e0 un ordinateur, le connecter \u00e0 [&hellip;]<\/p>\n","protected":false},"author":1,"featured_media":0,"parent":154,"menu_order":1,"comment_status":"closed","ping_status":"closed","template":"","meta":{"_lmt_disableupdate":"no","_lmt_disable":""},"_links":{"self":[{"href":"https:\/\/www.solidarinux.be\/index.php?rest_route=\/wp\/v2\/pages\/156"}],"collection":[{"href":"https:\/\/www.solidarinux.be\/index.php?rest_route=\/wp\/v2\/pages"}],"about":[{"href":"https:\/\/www.solidarinux.be\/index.php?rest_route=\/wp\/v2\/types\/page"}],"author":[{"embeddable":true,"href":"https:\/\/www.solidarinux.be\/index.php?rest_route=\/wp\/v2\/users\/1"}],"replies":[{"embeddable":true,"href":"https:\/\/www.solidarinux.be\/index.php?rest_route=%2Fwp%2Fv2%2Fcomments&post=156"}],"version-history":[{"count":4,"href":"https:\/\/www.solidarinux.be\/index.php?rest_route=\/wp\/v2\/pages\/156\/revisions"}],"predecessor-version":[{"id":219,"href":"https:\/\/www.solidarinux.be\/index.php?rest_route=\/wp\/v2\/pages\/156\/revisions\/219"}],"up":[{"embeddable":true,"href":"https:\/\/www.solidarinux.be\/index.php?rest_route=\/wp\/v2\/pages\/154"}],"wp:attachment":[{"href":"https:\/\/www.solidarinux.be\/index.php?rest_route=%2Fwp%2Fv2%2Fmedia&parent=156"}],"curies":[{"name":"wp","href":"https:\/\/api.w.org\/{rel}","templated":true}]}}