{"id":168,"date":"2020-08-02T16:35:45","date_gmt":"2020-08-02T14:35:45","guid":{"rendered":"https:\/\/solidarinux.debaste.be\/?page_id=168"},"modified":"2020-08-11T18:49:56","modified_gmt":"2020-08-11T16:49:56","slug":"ressources","status":"publish","type":"page","link":"https:\/\/www.solidarinux.be\/?page_id=168","title":{"rendered":"Ressources"},"content":{"rendered":"\n<ul><li><a href=\"https:\/\/solidarinux.debaste.be\/?page_id=170\">Dons de mat\u00e9riel;<\/a><\/li><li><a href=\"https:\/\/solidarinux.debaste.be\/?page_id=172\">B\u00e9n\u00e9volat<\/a>;<\/li><li><a href=\"https:\/\/solidarinux.debaste.be\/?page_id=174\">Transports<\/a>;<\/li><li><a href=\"https:\/\/solidarinux.debaste.be\/wp-admin\/post.php?post=176\">Finance<\/a>;<\/li><\/ul>\n\n\n\n<p><\/p>\n","protected":false},"excerpt":{"rendered":"<p>Dons de mat\u00e9riel; B\u00e9n\u00e9volat; Transports; Finance;<\/p>\n","protected":false},"author":1,"featured_media":0,"parent":0,"menu_order":0,"comment_status":"closed","ping_status":"closed","template":"","meta":{"_lmt_disableupdate":"no","_lmt_disable":""},"_links":{"self":[{"href":"https:\/\/www.solidarinux.be\/index.php?rest_route=\/wp\/v2\/pages\/168"}],"collection":[{"href":"https:\/\/www.solidarinux.be\/index.php?rest_route=\/wp\/v2\/pages"}],"about":[{"href":"https:\/\/www.solidarinux.be\/index.php?rest_route=\/wp\/v2\/types\/page"}],"author":[{"embeddable":true,"href":"https:\/\/www.solidarinux.be\/index.php?rest_route=\/wp\/v2\/users\/1"}],"replies":[{"embeddable":true,"href":"https:\/\/www.solidarinux.be\/index.php?rest_route=%2Fwp%2Fv2%2Fcomments&post=168"}],"version-history":[{"count":4,"href":"https:\/\/www.solidarinux.be\/index.php?rest_route=\/wp\/v2\/pages\/168\/revisions"}],"predecessor-version":[{"id":231,"href":"https:\/\/www.solidarinux.be\/index.php?rest_route=\/wp\/v2\/pages\/168\/revisions\/231"}],"wp:attachment":[{"href":"https:\/\/www.solidarinux.be\/index.php?rest_route=%2Fwp%2Fv2%2Fmedia&parent=168"}],"curies":[{"name":"wp","href":"https:\/\/api.w.org\/{rel}","templated":true}]}}