{"id":172,"date":"2020-08-02T16:38:38","date_gmt":"2020-08-02T14:38:38","guid":{"rendered":"https:\/\/solidarinux.debaste.be\/?page_id=172"},"modified":"2020-08-03T09:56:36","modified_gmt":"2020-08-03T07:56:36","slug":"benevolat","status":"publish","type":"page","link":"https:\/\/www.solidarinux.be\/?page_id=172","title":{"rendered":"B\u00e9n\u00e9volat"},"content":{"rendered":"\n<p>Essentiel aussi, le travail des b\u00e9n\u00e9voles.<br>D\u00e9marcher, r\u00e9colter, transporter, nettoyer, r\u00e9parer, reconditionner, organiser, g\u00e9rer, coordonner, distribuer.<br>C&#8217;est beaucoup de travail, offert g\u00e9n\u00e9reusement, avec la conviction d&#8217;aider dans un domaine o\u00f9 la collectivit\u00e9 ne va pas assez loin.<\/p>\n","protected":false},"excerpt":{"rendered":"<p>Essentiel aussi, le travail des b\u00e9n\u00e9voles.D\u00e9marcher, r\u00e9colter, transporter, nettoyer, r\u00e9parer, reconditionner, organiser, g\u00e9rer, coordonner, distribuer.C&#8217;est beaucoup de travail, offert g\u00e9n\u00e9reusement, avec la conviction d&#8217;aider dans un domaine o\u00f9 la collectivit\u00e9 ne va pas assez loin.<\/p>\n","protected":false},"author":1,"featured_media":0,"parent":168,"menu_order":2,"comment_status":"closed","ping_status":"closed","template":"","meta":{"_lmt_disableupdate":"","_lmt_disable":""},"_links":{"self":[{"href":"https:\/\/www.solidarinux.be\/index.php?rest_route=\/wp\/v2\/pages\/172"}],"collection":[{"href":"https:\/\/www.solidarinux.be\/index.php?rest_route=\/wp\/v2\/pages"}],"about":[{"href":"https:\/\/www.solidarinux.be\/index.php?rest_route=\/wp\/v2\/types\/page"}],"author":[{"embeddable":true,"href":"https:\/\/www.solidarinux.be\/index.php?rest_route=\/wp\/v2\/users\/1"}],"replies":[{"embeddable":true,"href":"https:\/\/www.solidarinux.be\/index.php?rest_route=%2Fwp%2Fv2%2Fcomments&post=172"}],"version-history":[{"count":3,"href":"https:\/\/www.solidarinux.be\/index.php?rest_route=\/wp\/v2\/pages\/172\/revisions"}],"predecessor-version":[{"id":200,"href":"https:\/\/www.solidarinux.be\/index.php?rest_route=\/wp\/v2\/pages\/172\/revisions\/200"}],"up":[{"embeddable":true,"href":"https:\/\/www.solidarinux.be\/index.php?rest_route=\/wp\/v2\/pages\/168"}],"wp:attachment":[{"href":"https:\/\/www.solidarinux.be\/index.php?rest_route=%2Fwp%2Fv2%2Fmedia&parent=172"}],"curies":[{"name":"wp","href":"https:\/\/api.w.org\/{rel}","templated":true}]}}