{"id":174,"date":"2020-08-02T16:39:40","date_gmt":"2020-08-02T14:39:40","guid":{"rendered":"https:\/\/solidarinux.debaste.be\/?page_id=174"},"modified":"2020-08-11T14:43:36","modified_gmt":"2020-08-11T12:43:36","slug":"transports","status":"publish","type":"page","link":"https:\/\/www.solidarinux.be\/?page_id=174","title":{"rendered":"Transports"},"content":{"rendered":"\n<p>En agissant au niveau local, 4 communes, nous limitons les co\u00fbts, le temps et l&#8217;\u00e9nergie consacr\u00e9s aux transports.<\/p>\n\n\n\n<p>Pour les petits volumes, l\u00e9gers et les petites distances, c&#8217;est Daniel, son v\u00e9lo et sa remorque.<\/p>\n\n\n\n<p>Pour le reste, tous les autres membres de l&#8217;association et bien d&#8217;autres b\u00e9n\u00e9voles, toujours pr\u00eats \u00e0 r\u00e9aliser un petit transport ponctuel.<\/p>\n","protected":false},"excerpt":{"rendered":"<p>En agissant au niveau local, 4 communes, nous limitons les co\u00fbts, le temps et l&#8217;\u00e9nergie consacr\u00e9s aux transports. Pour les petits volumes, l\u00e9gers et les petites distances, c&#8217;est Daniel, son v\u00e9lo et sa remorque. Pour le reste, tous les autres membres de l&#8217;association et bien d&#8217;autres b\u00e9n\u00e9voles, toujours pr\u00eats \u00e0 r\u00e9aliser un petit transport ponctuel.<\/p>\n","protected":false},"author":1,"featured_media":0,"parent":168,"menu_order":3,"comment_status":"closed","ping_status":"closed","template":"","meta":{"_lmt_disableupdate":"no","_lmt_disable":""},"_links":{"self":[{"href":"https:\/\/www.solidarinux.be\/index.php?rest_route=\/wp\/v2\/pages\/174"}],"collection":[{"href":"https:\/\/www.solidarinux.be\/index.php?rest_route=\/wp\/v2\/pages"}],"about":[{"href":"https:\/\/www.solidarinux.be\/index.php?rest_route=\/wp\/v2\/types\/page"}],"author":[{"embeddable":true,"href":"https:\/\/www.solidarinux.be\/index.php?rest_route=\/wp\/v2\/users\/1"}],"replies":[{"embeddable":true,"href":"https:\/\/www.solidarinux.be\/index.php?rest_route=%2Fwp%2Fv2%2Fcomments&post=174"}],"version-history":[{"count":3,"href":"https:\/\/www.solidarinux.be\/index.php?rest_route=\/wp\/v2\/pages\/174\/revisions"}],"predecessor-version":[{"id":224,"href":"https:\/\/www.solidarinux.be\/index.php?rest_route=\/wp\/v2\/pages\/174\/revisions\/224"}],"up":[{"embeddable":true,"href":"https:\/\/www.solidarinux.be\/index.php?rest_route=\/wp\/v2\/pages\/168"}],"wp:attachment":[{"href":"https:\/\/www.solidarinux.be\/index.php?rest_route=%2Fwp%2Fv2%2Fmedia&parent=174"}],"curies":[{"name":"wp","href":"https:\/\/api.w.org\/{rel}","templated":true}]}}