{"id":284,"date":"2021-04-10T11:20:27","date_gmt":"2021-04-10T09:20:27","guid":{"rendered":"https:\/\/solidarinux.debaste.be\/?page_id=284"},"modified":"2021-08-25T13:50:30","modified_gmt":"2021-08-25T11:50:30","slug":"a-remettre","status":"publish","type":"page","link":"https:\/\/www.solidarinux.be\/","title":{"rendered":"A remettre"},"content":{"rendered":"\n<p>Au 1er juillet 2021, Daniel a mis fin \u00e0 son action de r\u00e9colte et redistribution d&#8217;ordinateurs gratuits aux familles moins favoris\u00e9es.<br>+\/- 500 ordinateurs auront \u00e9t\u00e9 revaloris\u00e9s gr\u00e2ce \u00e0 Linux.<\/p>\n\n\n\n<p>Vous avez aussi avez appr\u00e9ci\u00e9 l&#8217;action ? <br>Vous voudriez qu&#8217;elle continue ?<br>A votre tour de reprendre le flambeau.<\/p>\n\n\n\n<p><a href=\"https:\/\/www.solidarinux.be\/?page_id=290\" data-type=\"URL\" data-id=\"https:\/\/www.solidarinux.be\/?page_id=290\">Lire la suite&#8230;<\/a><\/p>\n\n\n\n<p><a href=\"https:\/\/www.solidarinux.be\/?page_id=37\" data-type=\"URL\" data-id=\"https:\/\/www.solidarinux.be\/?page_id=37\">Acc\u00e9der au site SOLIDARINUX<\/a><\/p>\n\n\n\n<p>Ne jetez pas pour autant du mat\u00e9riel informatique. <a href=\"mailto:\/\/info@solidarinux.be\">Contactez-nous<\/a>. Nous tenterons de trouver une solution pour qu&#8217;il ne soit pas perdu pour autant.<\/p>\n\n\n\n<p><\/p>\n","protected":false},"excerpt":{"rendered":"<p>Au 1er juillet 2021, Daniel a mis fin \u00e0 son action de r\u00e9colte et redistribution d&#8217;ordinateurs gratuits aux familles moins favoris\u00e9es.+\/- 500 ordinateurs auront \u00e9t\u00e9 revaloris\u00e9s gr\u00e2ce \u00e0 Linux. Vous avez aussi avez appr\u00e9ci\u00e9 l&#8217;action ? Vous voudriez qu&#8217;elle continue ?A votre tour de reprendre le flambeau. Lire la suite&#8230; Acc\u00e9der au site SOLIDARINUX Ne [&hellip;]<\/p>\n","protected":false},"author":1,"featured_media":0,"parent":0,"menu_order":0,"comment_status":"closed","ping_status":"closed","template":"","meta":{"_lmt_disableupdate":"no","_lmt_disable":""},"_links":{"self":[{"href":"https:\/\/www.solidarinux.be\/index.php?rest_route=\/wp\/v2\/pages\/284"}],"collection":[{"href":"https:\/\/www.solidarinux.be\/index.php?rest_route=\/wp\/v2\/pages"}],"about":[{"href":"https:\/\/www.solidarinux.be\/index.php?rest_route=\/wp\/v2\/types\/page"}],"author":[{"embeddable":true,"href":"https:\/\/www.solidarinux.be\/index.php?rest_route=\/wp\/v2\/users\/1"}],"replies":[{"embeddable":true,"href":"https:\/\/www.solidarinux.be\/index.php?rest_route=%2Fwp%2Fv2%2Fcomments&post=284"}],"version-history":[{"count":7,"href":"https:\/\/www.solidarinux.be\/index.php?rest_route=\/wp\/v2\/pages\/284\/revisions"}],"predecessor-version":[{"id":295,"href":"https:\/\/www.solidarinux.be\/index.php?rest_route=\/wp\/v2\/pages\/284\/revisions\/295"}],"wp:attachment":[{"href":"https:\/\/www.solidarinux.be\/index.php?rest_route=%2Fwp%2Fv2%2Fmedia&parent=284"}],"curies":[{"name":"wp","href":"https:\/\/api.w.org\/{rel}","templated":true}]}}