{"id":290,"date":"2021-04-10T11:17:41","date_gmt":"2021-04-10T09:17:41","guid":{"rendered":"https:\/\/www.solidarinux.be\/?page_id=290"},"modified":"2021-04-10T11:17:41","modified_gmt":"2021-04-10T09:17:41","slug":"remise","status":"publish","type":"page","link":"https:\/\/www.solidarinux.be\/?page_id=290","title":{"rendered":"Remise"},"content":{"rendered":"\n<p>Ce dont l&#8217;association a besoin pour poursuivre l&#8217;action, c&#8217;est un  <strong>barreur\/recruteur\/organisateur<\/strong> b\u00e9n\u00e9vole. M\u00eame <strong>sans comp\u00e9tences informatiques<\/strong>.<\/p>\n\n\n\n<p>Daniel se retire, \u00e9puis\u00e9, de la production. Pour assurer la poursuite et la p\u00e9rennit\u00e9 de l&#8217;action, il faut une autre recette.<\/p>\n\n\n\n<p><strong>Beaucoup de t\u00e2ches diff\u00e9rentes.<\/strong><\/p>\n\n\n\n<p>Quasi seul, Daniel a assur\u00e9 tous les aspects de la conception et de la production, ainsi que tous les contacts. Impossible, en plus de cela, de d\u00e9marcher pour trouver plus de machines en meilleur \u00e9tat, de trouver de l&#8217;aide, de former des collaborateurs, cr\u00e9er et g\u00e9rer le site Web, assurer le fonctionnement de l&#8217;association, de trouver quelques petits moyens financiers&#8230; La diversit\u00e9 des t\u00e2ches de production requiert beaucoup d&#8217;organisation. Donc encore plus d&#8217;efforts et de temps.<br>C&#8217;est pour \u00e9viter cet \u00e9cueil qu&#8217;il faudrait commencer, non par la production mais par une nouvelle organisation \u00e0 porter par quelqu&#8217;un qui n&#8217;assure pas tout lui m\u00eame.<\/p>\n\n\n\n<p><strong>Un espace adapt\u00e9<\/strong><\/p>\n\n\n\n<p>Autre \u00e9cueil \u00e0 \u00e9viter : utiliser un domicile comme espace de travail principal. \u00c7a semblait confortable au d\u00e9but. Mais, le stockage de mat\u00e9riel a des effets pervers. Les ordinateurs entrent, sont trait\u00e9s et repartent. Les machines qui n\u00e9cessitent r\u00e9paration passent en seconde priorit\u00e9 par rapport aux bons qui repartent rapidement. Il y a donc, forc\u00e9ment un roulement et de l&#8217;espace occup\u00e9. Pour r\u00e9parer ou compl\u00e9ter, il faut aussi des pi\u00e8ces. Encore de l&#8217;espace. Dans l&#8217;espace r\u00e9duit d&#8217;une petite maison, c&#8217;est g\u00eanant, \u00e7a prend du temps et \u00e7a force les priorit\u00e9s. Le mat\u00e9riel entrant doit \u00eatre, en priorit\u00e9, \u00e9valu\u00e9 et class\u00e9 pour minimiser l&#8217;espace qu&#8217;il prendra. C&#8217;est beaucoup de temps. En plus, dans l&#8217;espace r\u00e9duit, il faut souvent d\u00e9placer quelques objets pour trouver celui dont on a besoin. Du temps et des efforts&#8230; Et, au moindre rel\u00e2chement, on est submerg\u00e9 et de grandes op\u00e9rations de rangement doivent \u00eatre entreprises. C&#8217;est situation a tout d&#8217;un cercle vicieux.<\/p>\n\n\n\n<p><strong>T\u00e2ches r\u00e9parties \u00e0 domicile<\/strong><\/p>\n\n\n\n<p>FEDASIL Rixensart a mis \u00e0 notre disposition un petit local. Merci. A cause de la crise sanitaire, il n&#8217;a pas \u00e9t\u00e9 possible, jusqu&#8217;ici d&#8217;en profiter vraiment. <br>Quel que soit le local utilis\u00e9, le travail \u00e0 plusieurs dans un m\u00eame espace a d\u00fb \u00eatre arr\u00eat\u00e9 durant la crise sanitaire. Une tentative a \u00e9t\u00e9 faite de r\u00e9partir des t\u00e2ches de productions sur plusieurs personnes. Nadine, Giuseppe et Rodrigo ont merveilleusement fait leur part. Merci.<br>Toutefois, cette m\u00e9thode requiert presque autant de temps d&#8217;organisation que de temps de r\u00e9alisation ds t\u00e2ches. En plus, cela g\u00e9n\u00e8re des transports suppl\u00e9mentaires, difficiles \u00e0 r\u00e9aliser \u00e0 v\u00e9lo.<br>Si cette m\u00e9thode est une piste s\u00e9rieuse, elle n&#8217;est pas miraculeuse. Un local commun o\u00f9 chacun vient accomplir sa part du travail serait beaucoup plus efficace. Probablement pas r\u00e9alisable dans le local commun actuel et plus envisageable au domicile de Daniel dont la maisonn\u00e9e d\u00e9sire retrouver un espace de vie normal. <\/p>\n\n\n\n<p><strong>Un barreur\/recruteur\/organisateur<\/strong><\/p>\n\n\n\n<p>Le repreneur potentiel est donc pr\u00e9venu des difficult\u00e9s rencontr\u00e9es jusqu&#8217;ici. Pas pour lui faire peur&#8230; Il peut \u00eatre rassur\u00e9. Il ne faut pour cela aucune comp\u00e9tence informatique, elle est d\u00e9j\u00e0 pr\u00e9sente.<br>N&#8217;oublions pas que c&#8217;est possible. +\/- 500 ordinateur reconditionn\u00e9s en 4 ans, c&#8217;est une r\u00e9ussite. Et il ne faut pas recommencer \u00e0 z\u00e9ro. On dispose d\u00e9j\u00e0 : <\/p>\n\n\n\n<ul><li>d&#8217;un r\u00e9seau de r\u00e9colte qui fonctionne de bouche \u00e0 oreille. Il fournit du mat\u00e9riel tr\u00e8s divers et dans des \u00e9tats divers. <\/li><li>d&#8217;un r\u00e9seau de redistribution. Essentiellement des institutions qui s&#8217;occupent de familles d\u00e9favoris\u00e9es, d&#8217;\u00e9tudiants, de demandeurs d&#8217;asile, de r\u00e9fugi\u00e9s;<\/li><li>d&#8217;un stock de pi\u00e8ces;<\/li><li>de contacts pour obtenir de l&#8217;aide ponctuelle;<\/li><li>de l&#8217;expertise informatique des trois linuxiens de solidarinux;<\/li><li>de plateformes informatiques stables et des automatismes d&#8217;installation des machines;<\/li><li>d&#8217;une m\u00e9thode de travail de d\u00e9part;<\/li><li>de l&#8217;exp\u00e9rience de Daniel pour de la consultance gratuite.<\/li><\/ul>\n\n\n\n<p><\/p>\n","protected":false},"excerpt":{"rendered":"<p>Ce dont l&#8217;association a besoin pour poursuivre l&#8217;action, c&#8217;est un barreur\/recruteur\/organisateur b\u00e9n\u00e9vole. M\u00eame sans comp\u00e9tences informatiques. Daniel se retire, \u00e9puis\u00e9, de la production. Pour assurer la poursuite et la p\u00e9rennit\u00e9 de l&#8217;action, il faut une autre recette. Beaucoup de t\u00e2ches diff\u00e9rentes. Quasi seul, Daniel a assur\u00e9 tous les aspects de la conception et de la [&hellip;]<\/p>\n","protected":false},"author":1,"featured_media":0,"parent":0,"menu_order":0,"comment_status":"closed","ping_status":"closed","template":"","meta":{"_lmt_disableupdate":"","_lmt_disable":""},"_links":{"self":[{"href":"https:\/\/www.solidarinux.be\/index.php?rest_route=\/wp\/v2\/pages\/290"}],"collection":[{"href":"https:\/\/www.solidarinux.be\/index.php?rest_route=\/wp\/v2\/pages"}],"about":[{"href":"https:\/\/www.solidarinux.be\/index.php?rest_route=\/wp\/v2\/types\/page"}],"author":[{"embeddable":true,"href":"https:\/\/www.solidarinux.be\/index.php?rest_route=\/wp\/v2\/users\/1"}],"replies":[{"embeddable":true,"href":"https:\/\/www.solidarinux.be\/index.php?rest_route=%2Fwp%2Fv2%2Fcomments&post=290"}],"version-history":[{"count":1,"href":"https:\/\/www.solidarinux.be\/index.php?rest_route=\/wp\/v2\/pages\/290\/revisions"}],"predecessor-version":[{"id":291,"href":"https:\/\/www.solidarinux.be\/index.php?rest_route=\/wp\/v2\/pages\/290\/revisions\/291"}],"wp:attachment":[{"href":"https:\/\/www.solidarinux.be\/index.php?rest_route=%2Fwp%2Fv2%2Fmedia&parent=290"}],"curies":[{"name":"wp","href":"https:\/\/api.w.org\/{rel}","templated":true}]}}