{"id":37,"date":"2020-07-31T14:52:37","date_gmt":"2020-07-31T12:52:37","guid":{"rendered":"https:\/\/solidarinux.debaste.be\/?page_id=37"},"modified":"2020-12-24T16:49:17","modified_gmt":"2020-12-24T15:49:17","slug":"solidarinux","status":"publish","type":"page","link":"https:\/\/www.solidarinux.be\/?page_id=37","title":{"rendered":"SOLIDARINUX"},"content":{"rendered":"\n<p><strong><font size=\"20\">Aidez-nous. Sans argent ! Juste du temps. Et pas seulement pour de l&#8217;<span style=\"text-decoration: underline;\">informatique<\/span>. Il y a de nombreuses <\/font><\/strong><font size=\"20\"><span style=\"text-decoration: underline;\"><strong>t\u00e2ches manuelles<\/strong><\/span><\/font><strong><font size=\"20\">. <\/font><\/strong><br><strong><font size=\"20\"><a href=\"https:\/\/solidarinux.debaste.be\/?page_id=273\">Lire la suite<\/a>.<\/font><\/strong><\/p>\n\n\n\n<div class=\"wp-block-media-text alignwide is-stacked-on-mobile\" style=\"grid-template-columns:28% auto\"><figure class=\"wp-block-media-text__media\"><img decoding=\"async\" loading=\"lazy\" width=\"280\" height=\"347\" src=\"https:\/\/solidarinux.debaste.be\/wp-content\/uploads\/2020\/07\/Capture-du-2020-07-31-16-38-59.png\" alt=\"\" class=\"wp-image-49\" srcset=\"https:\/\/www.solidarinux.be\/wp-content\/uploads\/2020\/07\/Capture-du-2020-07-31-16-38-59.png 280w, https:\/\/www.solidarinux.be\/wp-content\/uploads\/2020\/07\/Capture-du-2020-07-31-16-38-59-242x300.png 242w\" sizes=\"(max-width: 280px) 100vw, 280px\" \/><\/figure><div class=\"wp-block-media-text__content\">\n<p><\/p>\n\n\n\n<p><font size=\"large\">Nous luttons contre la fracture num\u00e9rique en offrant des <strong>ordinateurs portables gratuits <\/strong>\u00e0 des personnes et des familles, les basculant ainsi du bon c\u00f4t\u00e9 de la fracture.<\/font><\/p>\n\n\n\n<p>Notre zone d&#8217;action : <strong>Court-St-\u00c9tienne, Ottignies-Louvain-La-Neuve, Rixensart et Wavre<\/strong>. Dans le lot, le centre d&#8217;accueil FEDASIL de Rixensart, de nombreuses associations d&#8217;aide et une foule de b\u00e9n\u00e9voles.<\/p>\n\n\n\n<p><strong>Ne jetez pas vos vieux ordinateurs : confiez les nous<\/strong> !<\/p>\n\n\n\n<p><strong>Envoyez-nous les exclus du num\u00e9rique, nous tenterons de les aider.<\/strong><\/p>\n<\/div><\/div>\n\n\n<ul class=\"wp-block-latest-posts__list wp-block-latest-posts\"><li><a class=\"wp-block-latest-posts__post-title\" href=\"https:\/\/www.solidarinux.be\/?p=266\">Nos forces vives<\/a><\/li>\n<li><a class=\"wp-block-latest-posts__post-title\" href=\"https:\/\/www.solidarinux.be\/?p=264\">R\u00e9colte et distribution dans les \u00e9coles<\/a><\/li>\n<li><a class=\"wp-block-latest-posts__post-title\" href=\"https:\/\/www.solidarinux.be\/?p=260\">Formats d&#8217;ordinateurs<\/a><\/li>\n<li><a class=\"wp-block-latest-posts__post-title\" href=\"https:\/\/www.solidarinux.be\/?p=258\">Nous disposons d&#8217;un local !<\/a><\/li>\n<li><a class=\"wp-block-latest-posts__post-title\" href=\"https:\/\/www.solidarinux.be\/?p=256\">Alimentations&#8230; La d\u00e9brouille<\/a><\/li>\n<\/ul>\n\n\n<p><\/p>\n","protected":false},"excerpt":{"rendered":"<p>Aidez-nous. Sans argent ! Juste du temps. Et pas seulement pour de l&#8217;informatique. Il y a de nombreuses t\u00e2ches manuelles. Lire la suite. Nous luttons contre la fracture num\u00e9rique en offrant des ordinateurs portables gratuits \u00e0 des personnes et des familles, les basculant ainsi du bon c\u00f4t\u00e9 de la fracture. Notre zone d&#8217;action : Court-St-\u00c9tienne, [&hellip;]<\/p>\n","protected":false},"author":1,"featured_media":0,"parent":0,"menu_order":0,"comment_status":"closed","ping_status":"closed","template":"templates\/template-full-width.php","meta":{"_lmt_disableupdate":"no","_lmt_disable":""},"_links":{"self":[{"href":"https:\/\/www.solidarinux.be\/index.php?rest_route=\/wp\/v2\/pages\/37"}],"collection":[{"href":"https:\/\/www.solidarinux.be\/index.php?rest_route=\/wp\/v2\/pages"}],"about":[{"href":"https:\/\/www.solidarinux.be\/index.php?rest_route=\/wp\/v2\/types\/page"}],"author":[{"embeddable":true,"href":"https:\/\/www.solidarinux.be\/index.php?rest_route=\/wp\/v2\/users\/1"}],"replies":[{"embeddable":true,"href":"https:\/\/www.solidarinux.be\/index.php?rest_route=%2Fwp%2Fv2%2Fcomments&post=37"}],"version-history":[{"count":17,"href":"https:\/\/www.solidarinux.be\/index.php?rest_route=\/wp\/v2\/pages\/37\/revisions"}],"predecessor-version":[{"id":283,"href":"https:\/\/www.solidarinux.be\/index.php?rest_route=\/wp\/v2\/pages\/37\/revisions\/283"}],"wp:attachment":[{"href":"https:\/\/www.solidarinux.be\/index.php?rest_route=%2Fwp%2Fv2%2Fmedia&parent=37"}],"curies":[{"name":"wp","href":"https:\/\/api.w.org\/{rel}","templated":true}]}}