{"id":62,"date":"2020-07-31T17:27:15","date_gmt":"2020-07-31T15:27:15","guid":{"rendered":"https:\/\/solidarinux.debaste.be\/?page_id=62"},"modified":"2020-09-06T17:22:48","modified_gmt":"2020-09-06T15:22:48","slug":"recolte","status":"publish","type":"page","link":"https:\/\/www.solidarinux.be\/?page_id=62","title":{"rendered":"R\u00e9colte"},"content":{"rendered":"\n<p><strong>Nous r\u00e9coltons<\/strong><br>des ordinateurs portables inutilis\u00e9s ou vou\u00e9s \u00e0 la d\u00e9chetterie.<br>Et aussi, les chargeurs, valisettes, souris.<\/p>\n\n\n\n<p><strong>Comment proc\u00e9der ?<\/strong><br>Tr\u00e8s simple. <a href=\"https:\/\/solidarinux.debaste.be\/?page_id=8\">Contactez nous<\/a>. Nous prendrons un rendez-vous pour enlever le mat\u00e9riel ou pour que vous le d\u00e9posiez chez nous.<br>A proximit\u00e9 (15 km) , les petites quantit\u00e9s sont transport\u00e9es sur la remorque de v\u00e9lo de Daniel. Pour le reste, ce sera dans les voitures de Mus ou Teo. Ou la v\u00f4tre&#8230; Ou mieux, votre v\u00e9lo.<\/p>\n\n\n\n<p><strong>Vieux mat\u00e9riel ? Pas de soucis<\/strong><br>Nous r\u00e9coltons des ordinateurs portables datant des 20 derni\u00e8res ann\u00e9es. Ceux de plus de 5 ans ne fonctionnent plus bien en Windows. Nous installerons, sur tous, Linux et ils seront repartis pour plusieurs ann\u00e9es.<\/p>\n\n\n\n<p><strong>En panne ? Nous tentons de r\u00e9parer.<\/strong><br>Souvent l&#8217;utilisateur peu au courant du fonctionnement de l&#8217;informatique croira que son ordinateur est irr\u00e9parable. Les commer\u00e7ants tenteront d&#8217;ailleurs de l&#8217;en convaincre.<br>Notre exp\u00e9rience nous permet de mieux juger de l&#8217;avenir possible d&#8217;une machine.<\/p>\n\n\n\n<p><strong>Pas de chargeur ? Pas tr\u00e8s grave.<\/strong><br>Nous recevons des laptops avec ou sans le chargeur. Les machines irr\u00e9parables nous laissent des chargeurs. Moyennant de petites interventions, un chargeur peut \u00eatre rendu compatible avec un ordinateur d&#8217;une autre marque.<br>Malgr\u00e9 cela, il arrive que nous n&#8217;en ayons plus. Alors, ne n\u00e9gligez pas de nous le donner.<\/p>\n\n\n\n<p><strong>Chargeur, souris<\/strong>, <strong>valisettes<\/strong><br>Si vous ne pouvez pas nous confier l&#8217;ordinateur mais seulement le chargeur, nous l&#8217;acceptons aussi volontiers. Nous savons qu&#8217;il nous en manquera.<br>Les souris sont un bon compl\u00e9ment \u00e0 l&#8217;ordinateur. Elles sont bienvenues.<br>Les valisettes sont plus rares. Aussi, nous les recevons avec joie et les redistribuons, en priorit\u00e9, \u00e0 des \u00e9tudiants du sup\u00e9rieur \u00e0 qui on se doute qu&#8217;elles serviront.<\/p>\n\n\n\n<p><strong>Et les ordinateur fixes ?<\/strong><br>Nous les acceptons aussi volontiers. Il sont confi\u00e9s \u00e0 <a rel=\"noreferrer noopener\" href=\"https:\/\/daniel.debaste.be\" target=\"_blank\">Daniel<\/a>. Ils iront, apr\u00e8s reconditionnement, via Devenir.be, en Afrique Occidentale.<br>Moyennant un local d&#8217;entreposage et des bras suppl\u00e9mentaires, nous pourrions en redistribuer en Belgique aussi.<\/p>\n\n\n\n<p><strong>Les imprimantes laser ?<\/strong><br>Si elles ont encore de l&#8217;encre pour que nous testions et r\u00e9parions, cela vaut la peine de nous les confier. Nous avons parfois des opportunit\u00e9s de les remettre en service.<\/p>\n\n\n\n<p><strong>Les imprimantes \u00e0 jet d&#8217;encre ?<\/strong><br><strong><span style=\"text-decoration: underline;\">NON<\/span><\/strong> !!!!<br>Ce sont des cadeaux empoisonn\u00e9s. Pour nous et pour ceux \u00e0 qui nous les offrons. <br>En effet, il faut acheter des cartouches pour tester. Et si \u00e7a ne fonctionne pas, nous avons d\u00e9pens\u00e9 beaucoup d&#8217;argent pour rien.<br>Ceux \u00e0 qui nous les donnerons devront se r\u00e9approvisionner en encre. C&#8217;est cher. Ces imprimantes sont des pi\u00e8ges.<br>A ceux qui nous parlent des possibilit\u00e9s de remplissage de cartouches, nous laissons faire le travail. Pour nous, il s&#8217;est av\u00e9r\u00e9 long, p\u00e9nible, risqu\u00e9, sale, et, le plus souvent rat\u00e9 !<\/p>\n","protected":false},"excerpt":{"rendered":"<p>Nous r\u00e9coltonsdes ordinateurs portables inutilis\u00e9s ou vou\u00e9s \u00e0 la d\u00e9chetterie.Et aussi, les chargeurs, valisettes, souris. Comment proc\u00e9der ?Tr\u00e8s simple. Contactez nous. Nous prendrons un rendez-vous pour enlever le mat\u00e9riel ou pour que vous le d\u00e9posiez chez nous.A proximit\u00e9 (15 km) , les petites quantit\u00e9s sont transport\u00e9es sur la remorque de v\u00e9lo de Daniel. Pour le [&hellip;]<\/p>\n","protected":false},"author":1,"featured_media":0,"parent":78,"menu_order":1,"comment_status":"closed","ping_status":"closed","template":"","meta":{"_lmt_disableupdate":"no","_lmt_disable":""},"_links":{"self":[{"href":"https:\/\/www.solidarinux.be\/index.php?rest_route=\/wp\/v2\/pages\/62"}],"collection":[{"href":"https:\/\/www.solidarinux.be\/index.php?rest_route=\/wp\/v2\/pages"}],"about":[{"href":"https:\/\/www.solidarinux.be\/index.php?rest_route=\/wp\/v2\/types\/page"}],"author":[{"embeddable":true,"href":"https:\/\/www.solidarinux.be\/index.php?rest_route=\/wp\/v2\/users\/1"}],"replies":[{"embeddable":true,"href":"https:\/\/www.solidarinux.be\/index.php?rest_route=%2Fwp%2Fv2%2Fcomments&post=62"}],"version-history":[{"count":10,"href":"https:\/\/www.solidarinux.be\/index.php?rest_route=\/wp\/v2\/pages\/62\/revisions"}],"predecessor-version":[{"id":288,"href":"https:\/\/www.solidarinux.be\/index.php?rest_route=\/wp\/v2\/pages\/62\/revisions\/288"}],"up":[{"embeddable":true,"href":"https:\/\/www.solidarinux.be\/index.php?rest_route=\/wp\/v2\/pages\/78"}],"wp:attachment":[{"href":"https:\/\/www.solidarinux.be\/index.php?rest_route=%2Fwp%2Fv2%2Fmedia&parent=62"}],"curies":[{"name":"wp","href":"https:\/\/api.w.org\/{rel}","templated":true}]}}