{"id":66,"date":"2020-07-31T17:30:02","date_gmt":"2020-07-31T15:30:02","guid":{"rendered":"https:\/\/solidarinux.debaste.be\/?page_id=66"},"modified":"2020-08-11T15:09:25","modified_gmt":"2020-08-11T13:09:25","slug":"redistribution","status":"publish","type":"page","link":"https:\/\/www.solidarinux.be\/?page_id=66","title":{"rendered":"Redistribution"},"content":{"rendered":"\n<p>Nous offrons des laptops \u00e0 toutes les familles pour qui l\u2019acquisition d&#8217;un ordinateur tient de la gageure. Les demandes nous viennent par le bouche \u00e0 oreille et les associations d&#8217;aide.<\/p>\n\n\n\n<p>Une priorit\u00e9 pour la livraison et les meilleures machines sont donn\u00e9es aux \u00e9tudiants du sup\u00e9rieur dont on sait que les exigences sont importantes et que la possession d&#8217;un bon ordinateur portable est un levier vers la r\u00e9ussite. <\/p>\n\n\n\n<p>Nous demandons, bien entendu, que les machines qui ne sont plus utilis\u00e9es, voire en panne, nous soient restitu\u00e9es. Cela nous permettra de poursuivre l&#8217;action de solidarit\u00e9 en les remettant dans le circuit.<\/p>\n\n\n\n<p>Si notre r\u00e9colte est abondante, nous pourrons peut-\u00eatre disposer de machines en r\u00e9serve, pr\u00eates \u00e0 offrir d\u00e8s l&#8217;introduction de la demande. Dans le cas contraire, il faudra g\u00e9rer une file d&#8217;attente.<\/p>\n","protected":false},"excerpt":{"rendered":"<p>Nous offrons des laptops \u00e0 toutes les familles pour qui l\u2019acquisition d&#8217;un ordinateur tient de la gageure. Les demandes nous viennent par le bouche \u00e0 oreille et les associations d&#8217;aide. Une priorit\u00e9 pour la livraison et les meilleures machines sont donn\u00e9es aux \u00e9tudiants du sup\u00e9rieur dont on sait que les exigences sont importantes et que [&hellip;]<\/p>\n","protected":false},"author":1,"featured_media":0,"parent":78,"menu_order":3,"comment_status":"closed","ping_status":"closed","template":"","meta":{"_lmt_disableupdate":"no","_lmt_disable":""},"_links":{"self":[{"href":"https:\/\/www.solidarinux.be\/index.php?rest_route=\/wp\/v2\/pages\/66"}],"collection":[{"href":"https:\/\/www.solidarinux.be\/index.php?rest_route=\/wp\/v2\/pages"}],"about":[{"href":"https:\/\/www.solidarinux.be\/index.php?rest_route=\/wp\/v2\/types\/page"}],"author":[{"embeddable":true,"href":"https:\/\/www.solidarinux.be\/index.php?rest_route=\/wp\/v2\/users\/1"}],"replies":[{"embeddable":true,"href":"https:\/\/www.solidarinux.be\/index.php?rest_route=%2Fwp%2Fv2%2Fcomments&post=66"}],"version-history":[{"count":5,"href":"https:\/\/www.solidarinux.be\/index.php?rest_route=\/wp\/v2\/pages\/66\/revisions"}],"predecessor-version":[{"id":229,"href":"https:\/\/www.solidarinux.be\/index.php?rest_route=\/wp\/v2\/pages\/66\/revisions\/229"}],"up":[{"embeddable":true,"href":"https:\/\/www.solidarinux.be\/index.php?rest_route=\/wp\/v2\/pages\/78"}],"wp:attachment":[{"href":"https:\/\/www.solidarinux.be\/index.php?rest_route=%2Fwp%2Fv2%2Fmedia&parent=66"}],"curies":[{"name":"wp","href":"https:\/\/api.w.org\/{rel}","templated":true}]}}