{"id":68,"date":"2020-07-31T17:30:54","date_gmt":"2020-07-31T15:30:54","guid":{"rendered":"https:\/\/solidarinux.debaste.be\/?page_id=68"},"modified":"2020-08-11T15:13:31","modified_gmt":"2020-08-11T13:13:31","slug":"formation-aide","status":"publish","type":"page","link":"https:\/\/www.solidarinux.be\/?page_id=68","title":{"rendered":"Formation Aide"},"content":{"rendered":"\n<p>Durant 3 ans, Daniel a redistribu\u00e9 des ordinateurs, mais tr\u00e8s peu d&#8217;aide \u00e0 l&#8217;utilisation. Faute de temps.<\/p>\n\n\n\n<p>Amal et Mus ont rejoint SOLIDARINUX avec, entre autres, l&#8217;intention de guider les utilisateurs : une pr\u00e9sentation g\u00e9n\u00e9rale de l&#8217;ordinateur et de la plateforme lors de la livraison. Par la suite, en fonction de la demande, une aide plus approfondie pourra \u00eatre apport\u00e9e pour l&#8217;utilisation de logiciels courants, voire plus sp\u00e9cifiques.<\/p>\n\n\n\n<p>Les deux sont en cours d&#8217;\u00e9tude des plateformes.<\/p>\n\n\n\n<p>En particulier pour FEDASIL Rixensart, une b\u00e9n\u00e9vole se charge de l&#8217;aide \u00e0 l&#8217;utilisation des PC offerts par Solidarinux.<\/p>\n\n\n\n<p>Daniel, fort d&#8217;une exp\u00e9rience de plus de 20 ans en Linux, peut les guider dans leur \u00e9tude, les \u00e9pauler dans l&#8217;aide, organiser des formations, accompagner dans la recherche de solutions, et, bien s\u00fbr, aider les utilisateurs.<\/p>\n\n\n\n<p>L&#8217;aide et la formation peuvent avoir lieu en ligne gr\u00e2ce \u00e0 des logiciels de t\u00e9l\u00e9conf\u00e9rences (Jitsi) et contr\u00f4le de sessions \u00e0 distance (TeamViewer, VNC).<\/p>\n\n\n\n<p>L&#8217;exp\u00e9rience nous apprendra s&#8217;il est utile\/faisable de r\u00e9diger une documentation en ligne. Ne soyons pas trop gourmands au d\u00e9but.<\/p>\n","protected":false},"excerpt":{"rendered":"<p>Durant 3 ans, Daniel a redistribu\u00e9 des ordinateurs, mais tr\u00e8s peu d&#8217;aide \u00e0 l&#8217;utilisation. Faute de temps. Amal et Mus ont rejoint SOLIDARINUX avec, entre autres, l&#8217;intention de guider les utilisateurs : une pr\u00e9sentation g\u00e9n\u00e9rale de l&#8217;ordinateur et de la plateforme lors de la livraison. Par la suite, en fonction de la demande, une aide [&hellip;]<\/p>\n","protected":false},"author":1,"featured_media":0,"parent":78,"menu_order":4,"comment_status":"closed","ping_status":"closed","template":"","meta":{"_lmt_disableupdate":"no","_lmt_disable":""},"_links":{"self":[{"href":"https:\/\/www.solidarinux.be\/index.php?rest_route=\/wp\/v2\/pages\/68"}],"collection":[{"href":"https:\/\/www.solidarinux.be\/index.php?rest_route=\/wp\/v2\/pages"}],"about":[{"href":"https:\/\/www.solidarinux.be\/index.php?rest_route=\/wp\/v2\/types\/page"}],"author":[{"embeddable":true,"href":"https:\/\/www.solidarinux.be\/index.php?rest_route=\/wp\/v2\/users\/1"}],"replies":[{"embeddable":true,"href":"https:\/\/www.solidarinux.be\/index.php?rest_route=%2Fwp%2Fv2%2Fcomments&post=68"}],"version-history":[{"count":6,"href":"https:\/\/www.solidarinux.be\/index.php?rest_route=\/wp\/v2\/pages\/68\/revisions"}],"predecessor-version":[{"id":230,"href":"https:\/\/www.solidarinux.be\/index.php?rest_route=\/wp\/v2\/pages\/68\/revisions\/230"}],"up":[{"embeddable":true,"href":"https:\/\/www.solidarinux.be\/index.php?rest_route=\/wp\/v2\/pages\/78"}],"wp:attachment":[{"href":"https:\/\/www.solidarinux.be\/index.php?rest_route=%2Fwp%2Fv2%2Fmedia&parent=68"}],"curies":[{"name":"wp","href":"https:\/\/api.w.org\/{rel}","templated":true}]}}