{"id":70,"date":"2020-07-31T17:32:04","date_gmt":"2020-07-31T15:32:04","guid":{"rendered":"https:\/\/solidarinux.debaste.be\/?page_id=70"},"modified":"2020-08-02T09:18:19","modified_gmt":"2020-08-02T07:18:19","slug":"depannage","status":"publish","type":"page","link":"https:\/\/www.solidarinux.be\/?page_id=70","title":{"rendered":"D\u00e9pannage"},"content":{"rendered":"\n<p>Une panne est toujours possible, malgr\u00e9 le soin apport\u00e9 au reconditionnement.<\/p>\n\n\n\n<p>Le d\u00e9pannage commencera par un pr\u00e9-diagnostic par t\u00e9l\u00e9phone.<br>Une panne logicielle sera autant que possible trait\u00e9e en ligne par Teamviewer ou VNC.<br>Lorsqu&#8217;une panne mat\u00e9rielle n\u00e9cessite le d\u00e9montage d&#8217;un \u00e9l\u00e9ment, il faudra, suivant les cas, agir sur place ou d\u00e9poser la machine \u00e0 l&#8217;atelier.<\/p>\n\n\n\n<p>Quoi qu&#8217;il en soit, nous ne laisserons pas tomber l&#8217;utilisateur en difficult\u00e9. Nous r\u00e9cup\u00e9rerons ses donn\u00e9es et, si la r\u00e9paration s&#8217;av\u00e8re impossible, nous fournirons, en priorit\u00e9 une autre machine.<\/p>\n","protected":false},"excerpt":{"rendered":"<p>Une panne est toujours possible, malgr\u00e9 le soin apport\u00e9 au reconditionnement. Le d\u00e9pannage commencera par un pr\u00e9-diagnostic par t\u00e9l\u00e9phone.Une panne logicielle sera autant que possible trait\u00e9e en ligne par Teamviewer ou VNC.Lorsqu&#8217;une panne mat\u00e9rielle n\u00e9cessite le d\u00e9montage d&#8217;un \u00e9l\u00e9ment, il faudra, suivant les cas, agir sur place ou d\u00e9poser la machine \u00e0 l&#8217;atelier. Quoi qu&#8217;il [&hellip;]<\/p>\n","protected":false},"author":1,"featured_media":0,"parent":78,"menu_order":5,"comment_status":"closed","ping_status":"closed","template":"","meta":{"_lmt_disableupdate":"","_lmt_disable":""},"_links":{"self":[{"href":"https:\/\/www.solidarinux.be\/index.php?rest_route=\/wp\/v2\/pages\/70"}],"collection":[{"href":"https:\/\/www.solidarinux.be\/index.php?rest_route=\/wp\/v2\/pages"}],"about":[{"href":"https:\/\/www.solidarinux.be\/index.php?rest_route=\/wp\/v2\/types\/page"}],"author":[{"embeddable":true,"href":"https:\/\/www.solidarinux.be\/index.php?rest_route=\/wp\/v2\/users\/1"}],"replies":[{"embeddable":true,"href":"https:\/\/www.solidarinux.be\/index.php?rest_route=%2Fwp%2Fv2%2Fcomments&post=70"}],"version-history":[{"count":2,"href":"https:\/\/www.solidarinux.be\/index.php?rest_route=\/wp\/v2\/pages\/70\/revisions"}],"predecessor-version":[{"id":143,"href":"https:\/\/www.solidarinux.be\/index.php?rest_route=\/wp\/v2\/pages\/70\/revisions\/143"}],"up":[{"embeddable":true,"href":"https:\/\/www.solidarinux.be\/index.php?rest_route=\/wp\/v2\/pages\/78"}],"wp:attachment":[{"href":"https:\/\/www.solidarinux.be\/index.php?rest_route=%2Fwp%2Fv2%2Fmedia&parent=70"}],"curies":[{"name":"wp","href":"https:\/\/api.w.org\/{rel}","templated":true}]}}