{"id":78,"date":"2020-07-31T17:46:20","date_gmt":"2020-07-31T15:46:20","guid":{"rendered":"https:\/\/solidarinux.debaste.be\/?page_id=78"},"modified":"2020-08-01T14:21:52","modified_gmt":"2020-08-01T12:21:52","slug":"nos-actions","status":"publish","type":"page","link":"https:\/\/www.solidarinux.be\/?page_id=78","title":{"rendered":"Fonctionnement"},"content":{"rendered":"\n<ul><li><a href=\"https:\/\/solidarinux.debaste.be\/?page_id=62\">R\u00e9colte<\/a><\/li><li><a href=\"https:\/\/solidarinux.debaste.be\/?page_id=64\">Reconditionnement<\/a><\/li><li><a href=\"https:\/\/solidarinux.debaste.be\/?page_id=66\">Redistribution<\/a><\/li><li><a href=\"https:\/\/solidarinux.debaste.be\/?page_id=68\">Aide \u00e0 l&#8217;utilisation<\/a><\/li><li><a href=\"https:\/\/solidarinux.debaste.be\/?page_id=70\">D\u00e9pannage<\/a><\/li><\/ul>\n\n\n\n<p><\/p>\n","protected":false},"excerpt":{"rendered":"<p>R\u00e9colte Reconditionnement Redistribution Aide \u00e0 l&#8217;utilisation D\u00e9pannage<\/p>\n","protected":false},"author":1,"featured_media":0,"parent":0,"menu_order":0,"comment_status":"closed","ping_status":"closed","template":"","meta":{"_lmt_disableupdate":"","_lmt_disable":""},"_links":{"self":[{"href":"https:\/\/www.solidarinux.be\/index.php?rest_route=\/wp\/v2\/pages\/78"}],"collection":[{"href":"https:\/\/www.solidarinux.be\/index.php?rest_route=\/wp\/v2\/pages"}],"about":[{"href":"https:\/\/www.solidarinux.be\/index.php?rest_route=\/wp\/v2\/types\/page"}],"author":[{"embeddable":true,"href":"https:\/\/www.solidarinux.be\/index.php?rest_route=\/wp\/v2\/users\/1"}],"replies":[{"embeddable":true,"href":"https:\/\/www.solidarinux.be\/index.php?rest_route=%2Fwp%2Fv2%2Fcomments&post=78"}],"version-history":[{"count":3,"href":"https:\/\/www.solidarinux.be\/index.php?rest_route=\/wp\/v2\/pages\/78\/revisions"}],"predecessor-version":[{"id":93,"href":"https:\/\/www.solidarinux.be\/index.php?rest_route=\/wp\/v2\/pages\/78\/revisions\/93"}],"wp:attachment":[{"href":"https:\/\/www.solidarinux.be\/index.php?rest_route=%2Fwp%2Fv2%2Fmedia&parent=78"}],"curies":[{"name":"wp","href":"https:\/\/api.w.org\/{rel}","templated":true}]}}